{"id":911,"date":"2024-06-08T11:09:24","date_gmt":"2024-06-08T11:09:24","guid":{"rendered":"https:\/\/new.anfagua.org\/home\/"},"modified":"2025-01-30T19:44:45","modified_gmt":"2025-01-30T19:44:45","slug":"home","status":"publish","type":"page","link":"https:\/\/www.anfagua.org\/en\/","title":{"rendered":"Home"},"content":{"rendered":"<div class=\"wpb-content-wrapper\"><p>[vc_row css_animation=&#8221;&#8221; row_type=&#8221;row&#8221; use_row_as_full_screen_section=&#8221;yes&#8221; type=&#8221;full_width&#8221; angled_section=&#8221;no&#8221; text_align=&#8221;left&#8221; background_image_as_pattern=&#8221;without_pattern&#8221; z_index=&#8221;&#8221;][vc_column]<div class=\"qode-elliptical-slider\"><div class=\"qode-elliptical-slider-slides\" data-animation-speed = 1000 data-autoplay = yes>\n<div class=\"qode-elliptical-slide\" style=\"background-image:url(https:\/\/www.anfagua.org\/wp-content\/uploads\/AdobeStock_752163227_recortada-scaled.jpg)\">\n    <div class=\"qode-elliptical-slide-image-holder-wrapper\" style=\"background-color:#ffffff\">\n        <span class=\"qode-elliptical-slide-image-holder\">\n            <img decoding=\"async\" src=\"https:\/\/www.anfagua.org\/wp-content\/uploads\/AdobeStock_752163227_recortada-scaled.jpg\" alt=\"qode-eliptic-slider\"\/>\n        <\/span>\n    <\/div>\n    <div class=\"qode-elliptical-slide-content-holder\" style=\"background: -webkit-linear-gradient(left, #ffffff 50%, transparent 50%);background: linear-gradient(90deg, #ffffff 50%, transparent 50%);\">\n        <div class=\"qode-elliptical-slide-content-holder-inner grid_section\">\n            <div class=\"qode-elliptical-slide-content-wrapper section_inner\">\n                <div class=\"qode-elliptical-slide-wrapper-inner\" >\n\t\t\t\t\t<div class=\"qode-elliptical-slide-svg-holder\">\n\t\t\t\t\t\t<svg version=\"1.1\" id=\"Layer_1\" xmlns=\"http:\/\/www.w3.org\/2000\/svg\" xmlns:xlink=\"http:\/\/www.w3.org\/1999\/xlink\" x=\"0px\" y=\"0px\" width=\"92.296px\" height=\"485px\" viewBox=\"0 0 92.296 492\" enable-background=\"new 0 0 92.296 492\" preserveAspectRatio=\"none\">\n\t\t\t\t\t\t\t<path style=\"fill:#ffffff\" d=\"M91.621,0H0v492h92.296C47.988,426.806,21,340.351,21,245.5C21,151.133,47.716,65.078,91.621,0z\"\/>\n\t\t\t\t\t\t<\/svg>\n\t\t\t\t\t<\/div>\n                    <div class=\"qode-elliptical-slide-elements-holder\">\n\n\t\t\t\t\t\t[vc_column_text css=&#8221;&#8221;]<\/p>\n<h1 style=\"margin-bottom: 35px;\">Innovation and precision in every drop<\/h1>\n<h2 style=\"text-transform: none;\">Leaders in drinking water meter technology<\/h2>\n<p>[\/vc_column_text]                    <\/div>\n                <\/div>\n            <\/div>\n        <\/div>\n    <\/div>\n<\/div>\n<div class=\"qode-elliptical-slide\" style=\"background-image:url(https:\/\/www.anfagua.org\/wp-content\/uploads\/AdobeStock_749653789_recortada-scaled.jpg)\">\n    <div class=\"qode-elliptical-slide-image-holder-wrapper\" style=\"background-color:#1e73be\">\n        <span class=\"qode-elliptical-slide-image-holder\">\n            <img decoding=\"async\" src=\"https:\/\/www.anfagua.org\/wp-content\/uploads\/AdobeStock_749653789_recortada-scaled.jpg\" alt=\"qode-eliptic-slider\"\/>\n        <\/span>\n    <\/div>\n    <div class=\"qode-elliptical-slide-content-holder\" style=\"background: -webkit-linear-gradient(left, #1e73be 50%, transparent 50%);background: linear-gradient(90deg, #1e73be 50%, transparent 50%);\">\n        <div class=\"qode-elliptical-slide-content-holder-inner grid_section\">\n            <div class=\"qode-elliptical-slide-content-wrapper section_inner\">\n                <div class=\"qode-elliptical-slide-wrapper-inner\" >\n\t\t\t\t\t<div class=\"qode-elliptical-slide-svg-holder\">\n\t\t\t\t\t\t<svg version=\"1.1\" id=\"Layer_1\" xmlns=\"http:\/\/www.w3.org\/2000\/svg\" xmlns:xlink=\"http:\/\/www.w3.org\/1999\/xlink\" x=\"0px\" y=\"0px\" width=\"92.296px\" height=\"485px\" viewBox=\"0 0 92.296 492\" enable-background=\"new 0 0 92.296 492\" preserveAspectRatio=\"none\">\n\t\t\t\t\t\t\t<path style=\"fill:#1e73be\" d=\"M91.621,0H0v492h92.296C47.988,426.806,21,340.351,21,245.5C21,151.133,47.716,65.078,91.621,0z\"\/>\n\t\t\t\t\t\t<\/svg>\n\t\t\t\t\t<\/div>\n                    <div class=\"qode-elliptical-slide-elements-holder\">\n\n\t\t\t\t\t\t[vc_column_text css=&#8221;&#8221;]<\/p>\n<h1 style=\"margin-bottom: 35px; color: white;\">Measure your impact, optimize your consumption<\/h1>\n<h2 style=\"text-transform: none; color: white;\">High efficiency solutions for a sustainable future<\/h2>\n<p>[\/vc_column_text]                    <\/div>\n                <\/div>\n            <\/div>\n        <\/div>\n    <\/div>\n<\/div>\n<div class=\"qode-elliptical-slide\" style=\"background-image:url(https:\/\/www.anfagua.org\/wp-content\/uploads\/AdobeStock_749653757_recortado-scaled.jpeg)\">\n    <div class=\"qode-elliptical-slide-image-holder-wrapper\" style=\"background-color:#e5e5e5\">\n        <span class=\"qode-elliptical-slide-image-holder\">\n            <img decoding=\"async\" src=\"https:\/\/www.anfagua.org\/wp-content\/uploads\/AdobeStock_749653757_recortado-scaled.jpeg\" alt=\"qode-eliptic-slider\"\/>\n        <\/span>\n    <\/div>\n    <div class=\"qode-elliptical-slide-content-holder\" style=\"background: -webkit-linear-gradient(left, #e5e5e5 50%, transparent 50%);background: linear-gradient(90deg, #e5e5e5 50%, transparent 50%);\">\n        <div class=\"qode-elliptical-slide-content-holder-inner grid_section\">\n            <div class=\"qode-elliptical-slide-content-wrapper section_inner\">\n                <div class=\"qode-elliptical-slide-wrapper-inner\" >\n\t\t\t\t\t<div class=\"qode-elliptical-slide-svg-holder\">\n\t\t\t\t\t\t<svg version=\"1.1\" id=\"Layer_1\" xmlns=\"http:\/\/www.w3.org\/2000\/svg\" xmlns:xlink=\"http:\/\/www.w3.org\/1999\/xlink\" x=\"0px\" y=\"0px\" width=\"92.296px\" height=\"485px\" viewBox=\"0 0 92.296 492\" enable-background=\"new 0 0 92.296 492\" preserveAspectRatio=\"none\">\n\t\t\t\t\t\t\t<path style=\"fill:#e5e5e5\" d=\"M91.621,0H0v492h92.296C47.988,426.806,21,340.351,21,245.5C21,151.133,47.716,65.078,91.621,0z\"\/>\n\t\t\t\t\t\t<\/svg>\n\t\t\t\t\t<\/div>\n                    <div class=\"qode-elliptical-slide-elements-holder\">\n\n\t\t\t\t\t\t[vc_column_text css=&#8221;&#8221;]<\/p>\n<h1 style=\"margin-bottom: 35px;\">Reliability and quality in every measurement<\/h1>\n<h2 style=\"text-transform: none;\">United for excellence in water resource management<\/h2>\n<p>[\/vc_column_text]                    <\/div>\n                <\/div>\n            <\/div>\n        <\/div>\n    <\/div>\n<\/div><\/div><\/div>[\/vc_column][\/vc_row][vc_row css_animation=&#8221;&#8221; row_type=&#8221;row&#8221; use_row_as_full_screen_section=&#8221;no&#8221; type=&#8221;full_width&#8221; angled_section=&#8221;no&#8221; text_align=&#8221;left&#8221; background_image_as_pattern=&#8221;without_pattern&#8221;][vc_column][animated_icons_with_text columns=&#8221;four_columns&#8221;][animated_icon_with_text icon=&#8221;fa-lightbulb-o&#8221; title=&#8221;Technological Innovation&#8221; text=&#8221;We develop and promote the latest technologies in drinking water measurement.&#8221;][animated_icon_with_text icon=&#8221;fa-leaf&#8221; title=&#8221;Sustainability&#8221; text=&#8221;Committed to practices that respect the environment and promote the efficient use of water.&#8221;][animated_icon_with_text icon=&#8221;fa-bullseye&#8221; title=&#8221;Accuracy and reliability&#8221; text=&#8221;We guarantee accurate and reliable measurements for optimal water resource management.&#8221;][animated_icon_with_text icon=&#8221;fa-check-circle&#8221; title=&#8221;Quality and Certification&#8221; text=&#8221;Our products comply with the highest international standards and are certified by recognized organizations.&#8221;][\/animated_icons_with_text][\/vc_column][\/vc_row][vc_row css_animation=&#8221;&#8221; row_type=&#8221;row&#8221; use_row_as_full_screen_section=&#8221;no&#8221; type=&#8221;full_width&#8221; angled_section=&#8221;no&#8221; text_align=&#8221;left&#8221; background_image_as_pattern=&#8221;without_pattern&#8221;][vc_column][qode_elements_holder background_color=&#8221;#1e73be&#8221; number_of_columns=&#8221;two_columns&#8221;][qode_elements_holder_item vertical_alignment=&#8221;middle&#8221; horizontal_alignment=&#8221;left&#8221; advanced_animations=&#8221;no&#8221;][vc_column_text css=&#8221;&#8221;]<\/p>\n<h5 style=\"margin-left: 3%; margin-top: 25px; margin-bottom: 25px;\"><a style=\"text-decoration: none; font-size: 20px;\" href=\"https:\/\/www.anfagua.org\/fileadmin\/user_upload\/20170406_Numero_serie_anfagua_actualizadoAbril2017.pdf\" target=\"_blank\" rel=\"noopener\"><span style=\"color: #ffffff;\">Unification of the codification of the serial number of mechanical meters in ANFAGUA.  <i class=\"fa fa-file-pdf-o\" style=\"color: #b10b00; border-color: #b10b00; font-size: 32px;\"><\/i><\/span><\/a><\/h5>\n<p>[\/vc_column_text][\/qode_elements_holder_item][\/qode_elements_holder][\/vc_column][\/vc_row][vc_row row_type=&#8221;parallax&#8221; parallax_content_width=&#8221;full_width&#8221; text_align=&#8221;left&#8221; full_screen_section_height=&#8221;no&#8221; background_image=&#8221;115&#8243;][vc_column][vc_column_text css=&#8221;.vc_custom_1718050890173{padding-top: 95px !important;padding-right: 20% !important;padding-bottom: 205px !important;padding-left: 20% !important;background-position: center !important;background-repeat: no-repeat !important;background-size: cover !important;}&#8221;]<\/p>\n<h1 style=\"text-align: center; padding-bottom: 20px;\"><span style=\"color: #ffffff; font-size: 42px; text-transform: uppercase;\">Count on us<\/span><\/h1>\n<h2 style=\"text-align: center;\"><span style=\"color: #ffffff; font-size: 36px; text-transform: none;\">ANFAGUA is an association of Spanish water meter manufacturers whose objective is to promote and encourage the correct measurement of water.<\/span><\/h2>\n<h2 style=\"text-align: center; padding-top: 30px;\"><span style=\"color: #ffffff; font-size: 36px; text-transform: none;\">&#8220;More than 3 decades in the service of precision water metering.&#8221;<\/span><\/h2>\n<p>[\/vc_column_text][\/vc_column][\/vc_row][vc_row css_animation=&#8221;&#8221; row_type=&#8221;row&#8221; use_row_as_full_screen_section=&#8221;no&#8221; type=&#8221;full_width&#8221; angled_section=&#8221;no&#8221; text_align=&#8221;left&#8221; background_image_as_pattern=&#8221;without_pattern&#8221; css=&#8221;.vc_custom_1721008673737{padding-top: 50px !important;padding-right: 10% !important;padding-bottom: 30px !important;padding-left: 10% !important;}&#8221; z_index=&#8221;&#8221;][vc_column][vc_column_text css=&#8221;&#8221;]<\/p>\n<h1 style=\"font-size: 47px;\">Latest News<\/h1>\n<p>[\/vc_column_text][\/vc_column][\/vc_row][vc_row css_animation=&#8221;&#8221; row_type=&#8221;row&#8221; use_row_as_full_screen_section=&#8221;no&#8221; type=&#8221;full_width&#8221; angled_section=&#8221;no&#8221; text_align=&#8221;left&#8221; background_image_as_pattern=&#8221;without_pattern&#8221; css=&#8221;.vc_custom_1721008633468{padding-right: 5% !important;padding-left: 5% !important;}&#8221; z_index=&#8221;&#8221;][vc_column]<div class='q_masonry_blog'><div class=\"q_masonry_blog_grid_sizer\"><\/div><div class=\"q_masonry_blog_grid_gutter\"><\/div><article  class='post-1883 post type-post status-publish format-standard has-post-thumbnail hentry category-noticias category-sin-categorizar '><div class=\"q_masonry_blog_post_image\"><a itemprop=\"url\" href=\"https:\/\/www.anfagua.org\/en\/2025\/12\/18\/midiendo-el-futuro-soberania-tecnologica-y-competitividad\/\" target=\"_self\"><img decoding=\"async\" itemprop=\"image\" src=\"https:\/\/www.anfagua.org\/wp-content\/uploads\/imagen.png\" alt=\"\" \/><\/a><\/div><div class=\"q_masonry_blog_post_text\"><h3 itemprop=\"name\" class=\"q_masonry_blog_title entry_title\"><a itemprop=\"url\" href=\"https:\/\/www.anfagua.org\/en\/2025\/12\/18\/midiendo-el-futuro-soberania-tecnologica-y-competitividad\/\">Midiendo el Futuro Soberan\u00eda Tecnol\u00f3gica y Competitividad<\/a><\/h3><p itemprop=\"description\" class=\"q_masonry_blog_excerpt\">El Centro Espa\u00f1ol de Metrolog\u00eda en colaboraci\u00f3n con la Generalitat de Catalu\u00f1a, promueve la celebraci\u00f3n del 8\u00ba Congreso Espa\u00f1ol de Metrolog\u00eda. El congreso tendr\u00e1 lugar en el Palacio de Congresos La Llotja, Lleida, los d\u00edas 30 de septiembre, 1 y 2 de octubre de 2026,......<\/p><div class=\"q_masonry_blog_post_info\"><span itemprop=\"dateCreated\" class=\"time entry_date updated\">18 December, 2025<meta itemprop=\"interactionCount\" content=\"UserComments: <?php echo get_comments_number(qode_get_page_id()); ?>\"\/><\/span><\/div><\/div><\/article><article  class='post-1866 post type-post status-publish format-standard has-post-thumbnail hentry category-noticias category-sin-categorizar '><div class=\"q_masonry_blog_post_image\"><a itemprop=\"url\" href=\"https:\/\/www.anfagua.org\/en\/2025\/10\/31\/entrevista-de-iagua-a-anfagua\/\" target=\"_self\"><img decoding=\"async\" itemprop=\"image\" src=\"https:\/\/www.anfagua.org\/wp-content\/uploads\/Imagen1.png\" alt=\"\" \/><\/a><\/div><div class=\"q_masonry_blog_post_text\"><h3 itemprop=\"name\" class=\"q_masonry_blog_title entry_title\"><a itemprop=\"url\" href=\"https:\/\/www.anfagua.org\/en\/2025\/10\/31\/entrevista-de-iagua-a-anfagua\/\">Entrevista de iAgua a ANFAGUA<\/a><\/h3><p itemprop=\"description\" class=\"q_masonry_blog_excerpt\">La digitalizaci\u00f3n del ciclo del agua enfrenta desaf\u00edos: solo entre el 4% y el 18% del parque tiene telelectura Patrick Schoch, presidente de ANFAGUA, analiza c\u00f3mo la medici\u00f3n inteligente est\u00e1 transformando la gesti\u00f3n del agua en Espa\u00f1a y consolidando un modelo m\u00e1s eficiente, digital y......<\/p><div class=\"q_masonry_blog_post_info\"><span itemprop=\"dateCreated\" class=\"time entry_date updated\">31 October, 2025<meta itemprop=\"interactionCount\" content=\"UserComments: <?php echo get_comments_number(qode_get_page_id()); ?>\"\/><\/span><\/div><\/div><\/article><article  class='post-1848 post type-post status-publish format-standard has-post-thumbnail hentry category-noticias '><div class=\"q_masonry_blog_post_image\"><a itemprop=\"url\" href=\"https:\/\/www.anfagua.org\/en\/2025\/05\/05\/anfagua-defiende-la-digitalizacion-como-palanca-esencial-para-la-transformacion-del-sector-del-agua-en-el-foro-iagua\/\" target=\"_self\"><img decoding=\"async\" itemprop=\"image\" src=\"https:\/\/www.anfagua.org\/wp-content\/uploads\/ponentes-HD-foroiagua-inversiones-2025-webinar.jpg\" alt=\"\" \/><\/a><\/div><div class=\"q_masonry_blog_post_text\"><h3 itemprop=\"name\" class=\"q_masonry_blog_title entry_title\"><a itemprop=\"url\" href=\"https:\/\/www.anfagua.org\/en\/2025\/05\/05\/anfagua-defiende-la-digitalizacion-como-palanca-esencial-para-la-transformacion-del-sector-del-agua-en-el-foro-iagua\/\">ANFAGUA defiende la digitalizaci\u00f3n como palanca esencial para la transformaci\u00f3n del sector del agua en el Foro iAgua<\/a><\/h3><p itemprop=\"description\" class=\"q_masonry_blog_excerpt\">El Foro iAgua reuni\u00f3 a SEOPAN, AEAS-AGA, ANFAGUA, AEDyR y FENACORE para analizar c\u00f3mo transformar inversi\u00f3n en obras reales. El pasado 18 de marzo, ANFAGUA particip\u00f3 en el Foro iAgua, un encuentro celebrado en Madrid que reuni\u00f3 a los principales representantes del sector del agua......<\/p><div class=\"q_masonry_blog_post_info\"><span itemprop=\"dateCreated\" class=\"time entry_date updated\">05 May, 2025<meta itemprop=\"interactionCount\" content=\"UserComments: <?php echo get_comments_number(qode_get_page_id()); ?>\"\/><\/span><\/div><\/div><\/article><article  class='post-1332 post type-post status-publish format-standard has-post-thumbnail hentry category-noticias '><div class=\"q_masonry_blog_post_image\"><a itemprop=\"url\" href=\"https:\/\/www.anfagua.org\/en\/2025\/01\/13\/cada-gota-cuenta-el-papel-de-anfagua-en-la-sostenibilidad-y-la-innovacion-en-la-gestion-del-agua\/\" target=\"_self\"><img decoding=\"async\" itemprop=\"image\" src=\"https:\/\/www.anfagua.org\/wp-content\/uploads\/CadaGotaCuenta-iagua-1.png\" alt=\"\" \/><\/a><\/div><div class=\"q_masonry_blog_post_text\"><h3 itemprop=\"name\" class=\"q_masonry_blog_title entry_title\"><a itemprop=\"url\" href=\"https:\/\/www.anfagua.org\/en\/2025\/01\/13\/cada-gota-cuenta-el-papel-de-anfagua-en-la-sostenibilidad-y-la-innovacion-en-la-gestion-del-agua\/\">Cada gota cuenta: El papel de ANFAGUA en la sostenibilidad y la innovaci\u00f3n en la gesti\u00f3n del agua<\/a><\/h3><p itemprop=\"description\" class=\"q_masonry_blog_excerpt\">En el \u00faltimo n\u00famero de la revista iAgua, se ha publicado un completo reportaje que analiza los principales retos y avances del sector del agua en Espa\u00f1a, con especial \u00e9nfasis en la importancia de la metrolog\u00eda como pilar estrat\u00e9gico para garantizar la eficiencia y la......<\/p><div class=\"q_masonry_blog_post_info\"><span itemprop=\"dateCreated\" class=\"time entry_date updated\">13 January, 2025<meta itemprop=\"interactionCount\" content=\"UserComments: <?php echo get_comments_number(qode_get_page_id()); ?>\"\/><\/span><\/div><\/div><\/article><\/div>[\/vc_column][\/vc_row][vc_row css_animation=&#8221;&#8221; row_type=&#8221;row&#8221; use_row_as_full_screen_section=&#8221;no&#8221; type=&#8221;full_width&#8221; angled_section=&#8221;no&#8221; text_align=&#8221;left&#8221; background_image_as_pattern=&#8221;without_pattern&#8221; css=&#8221;.vc_custom_1721008715303{padding-right: 10% !important;padding-bottom: 80px !important;padding-left: 10% !important;}&#8221; z_index=&#8221;&#8221;][vc_column]\n\n\t<a href=\"https:\/\/www.anfagua.org\/noticias\/\" target=\"_self\" style=\"color: #ffffff;background-color: #1e73be\" class=\"qode-btn qode-btn-medium qode-btn-solid qode-btn-icon qode-btn-icon-rotate\"  >\n\t    <span class=\"qode-btn-text\">SEE ALL NEWS<\/span><span class=\"qode-button-v2-icon-holder\"  ><i class=\"qode_icon_font_awesome fa fa-newspaper-o qode-button-v2-icon-holder-inner\" ><\/i><\/span>\t<\/a>\n\n[\/vc_column][\/vc_row]<\/p>\n<\/div>","protected":false},"excerpt":{"rendered":"<p>[vc_row css_animation=&#8221;&#8221; row_type=&#8221;row&#8221; use_row_as_full_screen_section=&#8221;yes&#8221; type=&#8221;full_width&#8221; angled_section=&#8221;no&#8221; text_align=&#8221;left&#8221; background_image_as_pattern=&#8221;without_pattern&#8221; z_index=&#8221;&#8221;][vc_column][\/vc_column][\/vc_row][vc_row css_animation=&#8221;&#8221; row_type=&#8221;row&#8221; use_row_as_full_screen_section=&#8221;no&#8221; type=&#8221;full_width&#8221; angled_section=&#8221;no&#8221; text_align=&#8221;left&#8221; background_image_as_pattern=&#8221;without_pattern&#8221;][vc_column][animated_icons_with_text columns=&#8221;four_columns&#8221;][animated_icon_with_text icon=&#8221;fa-lightbulb-o&#8221; title=&#8221;Technological Innovation&#8221; text=&#8221;We develop and promote the latest technologies in drinking water measurement.&#8221;][animated_icon_with_text icon=&#8221;fa-leaf&#8221; title=&#8221;Sustainability&#8221; text=&#8221;Committed to practices that respect the environment and promote the efficient use&#8230;<\/p>\n","protected":false},"author":1,"featured_media":0,"parent":0,"menu_order":0,"comment_status":"closed","ping_status":"closed","template":"full_width.php","meta":{"footnotes":"","_links_to":"","_links_to_target":""},"class_list":["post-911","page","type-page","status-publish","hentry"],"_links":{"self":[{"href":"https:\/\/www.anfagua.org\/en\/wp-json\/wp\/v2\/pages\/911","targetHints":{"allow":["GET"]}}],"collection":[{"href":"https:\/\/www.anfagua.org\/en\/wp-json\/wp\/v2\/pages"}],"about":[{"href":"https:\/\/www.anfagua.org\/en\/wp-json\/wp\/v2\/types\/page"}],"author":[{"embeddable":true,"href":"https:\/\/www.anfagua.org\/en\/wp-json\/wp\/v2\/users\/1"}],"replies":[{"embeddable":true,"href":"https:\/\/www.anfagua.org\/en\/wp-json\/wp\/v2\/comments?post=911"}],"version-history":[{"count":4,"href":"https:\/\/www.anfagua.org\/en\/wp-json\/wp\/v2\/pages\/911\/revisions"}],"predecessor-version":[{"id":1367,"href":"https:\/\/www.anfagua.org\/en\/wp-json\/wp\/v2\/pages\/911\/revisions\/1367"}],"wp:attachment":[{"href":"https:\/\/www.anfagua.org\/en\/wp-json\/wp\/v2\/media?parent=911"}],"curies":[{"name":"wp","href":"https:\/\/api.w.org\/{rel}","templated":true}]}}